{"id":2,"date":"2018-08-13T15:16:33","date_gmt":"2018-08-13T18:16:33","guid":{"rendered":"http:\/\/zapala8340.com.ar\/?page_id=2"},"modified":"2025-12-27T19:11:51","modified_gmt":"2025-12-27T22:11:51","slug":"farmaciadeturno","status":"publish","type":"page","link":"https:\/\/zapala8340.com.ar\/?page_id=2","title":{"rendered":"Farmacias de Turno Zapala"},"content":{"rendered":"\n<h2 class=\"wp-block-heading\"><strong>RECORD\u00c1 que los turnos \u00f3 guardias son desde las 8:30 AM del d\u00eda del turno, hasta las 8:30 AM del d\u00eda siguiente.<\/strong><\/h2>\n\n\n\n<figure class=\"wp-block-image size-full\"><img loading=\"lazy\" decoding=\"async\" width=\"825\" height=\"429\" src=\"https:\/\/zapala8340.com.ar\/wp-content\/uploads\/2025\/12\/image-74.png\" alt=\"\" class=\"wp-image-43232\" srcset=\"https:\/\/zapala8340.com.ar\/wp-content\/uploads\/2025\/12\/image-74.png 825w, https:\/\/zapala8340.com.ar\/wp-content\/uploads\/2025\/12\/image-74-300x156.png 300w, https:\/\/zapala8340.com.ar\/wp-content\/uploads\/2025\/12\/image-74-768x399.png 768w\" sizes=\"(max-width: 825px) 100vw, 825px\" \/><\/figure>\n\n\n\n<p><\/p>\n\n\n\n<p><\/p>\n\n\n\n<figure class=\"wp-block-image size-large\"><img loading=\"lazy\" decoding=\"async\" width=\"1024\" height=\"1024\" src=\"https:\/\/zapala8340.com.ar\/wp-content\/uploads\/2025\/04\/maihue-1-1024x1024.png\" alt=\"\" class=\"wp-image-39370\" srcset=\"https:\/\/zapala8340.com.ar\/wp-content\/uploads\/2025\/04\/maihue-1.png 1024w, https:\/\/zapala8340.com.ar\/wp-content\/uploads\/2025\/04\/maihue-1-300x300.png 300w, https:\/\/zapala8340.com.ar\/wp-content\/uploads\/2025\/04\/maihue-1-150x150.png 150w, https:\/\/zapala8340.com.ar\/wp-content\/uploads\/2025\/04\/maihue-1-768x768.png 768w\" sizes=\"(max-width: 1024px) 100vw, 1024px\" \/><\/figure>\n\n\n\n<p><\/p>\n\n\n\n<figure class=\"wp-block-image size-full\"><img loading=\"lazy\" decoding=\"async\" width=\"812\" height=\"576\" src=\"https:\/\/zapala8340.com.ar\/wp-content\/uploads\/2025\/12\/image-75.png\" alt=\"\" class=\"wp-image-43233\" srcset=\"https:\/\/zapala8340.com.ar\/wp-content\/uploads\/2025\/12\/image-75.png 812w, https:\/\/zapala8340.com.ar\/wp-content\/uploads\/2025\/12\/image-75-300x213.png 300w, https:\/\/zapala8340.com.ar\/wp-content\/uploads\/2025\/12\/image-75-768x545.png 768w\" sizes=\"(max-width: 812px) 100vw, 812px\" \/><\/figure>\n\n\n\n<p><\/p>\n\n\n\n<figure class=\"wp-block-image size-large\"><img loading=\"lazy\" decoding=\"async\" width=\"1024\" height=\"1024\" src=\"https:\/\/zapala8340.com.ar\/wp-content\/uploads\/2025\/04\/maihue-1024x1024.png\" alt=\"\" class=\"wp-image-39373\" srcset=\"https:\/\/zapala8340.com.ar\/wp-content\/uploads\/2025\/04\/maihue.png 1024w, https:\/\/zapala8340.com.ar\/wp-content\/uploads\/2025\/04\/maihue-300x300.png 300w, https:\/\/zapala8340.com.ar\/wp-content\/uploads\/2025\/04\/maihue-150x150.png 150w, https:\/\/zapala8340.com.ar\/wp-content\/uploads\/2025\/04\/maihue-768x768.png 768w\" sizes=\"(max-width: 1024px) 100vw, 1024px\" \/><\/figure>\n\n\n\n<p><\/p>\n\n\n\n<hr class=\"wp-block-separator has-css-opacity\"\/>\n\n\n\n<figure class=\"wp-block-image size-full\"><img loading=\"lazy\" decoding=\"async\" width=\"813\" height=\"603\" src=\"https:\/\/zapala8340.com.ar\/wp-content\/uploads\/2025\/12\/image-76.png\" alt=\"\" class=\"wp-image-43235\" srcset=\"https:\/\/zapala8340.com.ar\/wp-content\/uploads\/2025\/12\/image-76.png 813w, https:\/\/zapala8340.com.ar\/wp-content\/uploads\/2025\/12\/image-76-300x223.png 300w, https:\/\/zapala8340.com.ar\/wp-content\/uploads\/2025\/12\/image-76-768x570.png 768w\" sizes=\"(max-width: 813px) 100vw, 813px\" \/><\/figure>\n\n\n\n<figure class=\"wp-block-image size-large\"><img loading=\"lazy\" decoding=\"async\" width=\"724\" height=\"1024\" src=\"https:\/\/zapala8340.com.ar\/wp-content\/uploads\/2025\/06\/\u00a1Consulta-todos-nuestros-medicamentos-desde-tu-celular-1-724x1024.png\" alt=\"\" class=\"wp-image-40493\" srcset=\"https:\/\/zapala8340.com.ar\/wp-content\/uploads\/2025\/06\/\u00a1Consulta-todos-nuestros-medicamentos-desde-tu-celular-1.png 724w, https:\/\/zapala8340.com.ar\/wp-content\/uploads\/2025\/06\/\u00a1Consulta-todos-nuestros-medicamentos-desde-tu-celular-1-212x300.png 212w, https:\/\/zapala8340.com.ar\/wp-content\/uploads\/2025\/06\/\u00a1Consulta-todos-nuestros-medicamentos-desde-tu-celular-1-768x1086.png 768w, https:\/\/zapala8340.com.ar\/wp-content\/uploads\/2025\/06\/\u00a1Consulta-todos-nuestros-medicamentos-desde-tu-celular-1-1086x1536.png 1086w, https:\/\/zapala8340.com.ar\/wp-content\/uploads\/2025\/06\/\u00a1Consulta-todos-nuestros-medicamentos-desde-tu-celular-1-1024x1448.png 1024w\" sizes=\"(max-width: 724px) 100vw, 724px\" \/><\/figure>\n\n\n\n<figure class=\"wp-block-image size-full\"><img loading=\"lazy\" decoding=\"async\" width=\"826\" height=\"585\" src=\"https:\/\/zapala8340.com.ar\/wp-content\/uploads\/2025\/12\/image-77.png\" alt=\"\" class=\"wp-image-43236\" srcset=\"https:\/\/zapala8340.com.ar\/wp-content\/uploads\/2025\/12\/image-77.png 826w, https:\/\/zapala8340.com.ar\/wp-content\/uploads\/2025\/12\/image-77-300x212.png 300w, https:\/\/zapala8340.com.ar\/wp-content\/uploads\/2025\/12\/image-77-768x544.png 768w\" sizes=\"(max-width: 826px) 100vw, 826px\" \/><\/figure>\n\n\n\n<figure class=\"wp-block-image size-full\"><img loading=\"lazy\" decoding=\"async\" width=\"804\" height=\"588\" src=\"https:\/\/zapala8340.com.ar\/wp-content\/uploads\/2025\/12\/image-78.png\" alt=\"\" class=\"wp-image-43237\" srcset=\"https:\/\/zapala8340.com.ar\/wp-content\/uploads\/2025\/12\/image-78.png 804w, https:\/\/zapala8340.com.ar\/wp-content\/uploads\/2025\/12\/image-78-300x219.png 300w, https:\/\/zapala8340.com.ar\/wp-content\/uploads\/2025\/12\/image-78-768x562.png 768w\" sizes=\"(max-width: 804px) 100vw, 804px\" \/><\/figure>\n\n\n\n<p><\/p>\n","protected":false},"excerpt":{"rendered":"<p>RECORD\u00c1 que los turnos \u00f3 guardias son desde las 8:30 AM del d\u00eda del turno,&#8230;<\/p>\n","protected":false},"author":1,"featured_media":0,"parent":0,"menu_order":0,"comment_status":"closed","ping_status":"open","template":"","meta":{"footnotes":""},"class_list":["post-2","page","type-page","status-publish","hentry"],"_links":{"self":[{"href":"https:\/\/zapala8340.com.ar\/index.php?rest_route=\/wp\/v2\/pages\/2"}],"collection":[{"href":"https:\/\/zapala8340.com.ar\/index.php?rest_route=\/wp\/v2\/pages"}],"about":[{"href":"https:\/\/zapala8340.com.ar\/index.php?rest_route=\/wp\/v2\/types\/page"}],"author":[{"embeddable":true,"href":"https:\/\/zapala8340.com.ar\/index.php?rest_route=\/wp\/v2\/users\/1"}],"replies":[{"embeddable":true,"href":"https:\/\/zapala8340.com.ar\/index.php?rest_route=%2Fwp%2Fv2%2Fcomments&post=2"}],"version-history":[{"count":56,"href":"https:\/\/zapala8340.com.ar\/index.php?rest_route=\/wp\/v2\/pages\/2\/revisions"}],"predecessor-version":[{"id":43238,"href":"https:\/\/zapala8340.com.ar\/index.php?rest_route=\/wp\/v2\/pages\/2\/revisions\/43238"}],"wp:attachment":[{"href":"https:\/\/zapala8340.com.ar\/index.php?rest_route=%2Fwp%2Fv2%2Fmedia&parent=2"}],"curies":[{"name":"wp","href":"https:\/\/api.w.org\/{rel}","templated":true}]}}